{"id":7,"date":"2020-05-20T06:48:44","date_gmt":"2020-05-20T06:48:44","guid":{"rendered":"https:\/\/design.miun.se\/ID\/examen\/?page_id=7"},"modified":"2024-06-24T05:57:22","modified_gmt":"2024-06-24T05:57:22","slug":"the-new-umoma-opens-its-doors-2","status":"publish","type":"page","link":"https:\/\/design.miun.se\/ID\/examen2020\/","title":{"rendered":"Mittuniversitetets industridesignstudenter v\u00e4lkomnar"},"content":{"rendered":"\n<div class=\"wp-block-group alignwide\"><div class=\"wp-block-group__inner-container is-layout-flow wp-block-group-is-layout-flow\">\n<h2 class=\"wp-block-heading has-text-align-center\">Digital utst\u00e4llning av \u00e5rets examensarbete 2020<\/h2>\n<\/div><\/div>\n\n\n\n<div class=\"wp-block-columns is-layout-flex wp-container-core-columns-is-layout-9d6595d7 wp-block-columns-is-layout-flex\">\n<div class=\"wp-block-column is-layout-flow wp-block-column-is-layout-flow\" style=\"flex-basis:100%\">\n<div class=\"wp-block-columns is-layout-flex wp-container-core-columns-is-layout-9d6595d7 wp-block-columns-is-layout-flex\">\n<div class=\"wp-block-column is-layout-flow wp-block-column-is-layout-flow\" style=\"flex-basis:100%\">\n<div class=\"wp-block-columns alignwide is-layout-flex wp-container-core-columns-is-layout-9d6595d7 wp-block-columns-is-layout-flex\">\n<div class=\"wp-block-column is-layout-flow wp-block-column-is-layout-flow\">\n<div class=\"wp-block-group\"><div class=\"wp-block-group__inner-container is-layout-flow wp-block-group-is-layout-flow\">\n<figure class=\"wp-block-image alignfull size-large\"><img loading=\"lazy\" decoding=\"async\" width=\"1024\" height=\"768\" src=\"https:\/\/design.miun.se\/ID\/examen2020\/wp-content\/uploads\/2020\/06\/blogg-CELIE-1024x768.jpg\" alt=\"\" class=\"wp-image-192\" srcset=\"https:\/\/design.miun.se\/ID\/examen2020\/wp-content\/uploads\/2020\/06\/blogg-CELIE-1024x768.jpg 1024w, https:\/\/design.miun.se\/ID\/examen2020\/wp-content\/uploads\/2020\/06\/blogg-CELIE-300x225.jpg 300w, https:\/\/design.miun.se\/ID\/examen2020\/wp-content\/uploads\/2020\/06\/blogg-CELIE-768x576.jpg 768w, https:\/\/design.miun.se\/ID\/examen2020\/wp-content\/uploads\/2020\/06\/blogg-CELIE-1536x1152.jpg 1536w, https:\/\/design.miun.se\/ID\/examen2020\/wp-content\/uploads\/2020\/06\/blogg-CELIE-2048x1536.jpg 2048w, https:\/\/design.miun.se\/ID\/examen2020\/wp-content\/uploads\/2020\/06\/blogg-CELIE-1200x900.jpg 1200w, https:\/\/design.miun.se\/ID\/examen2020\/wp-content\/uploads\/2020\/06\/blogg-CELIE-1980x1485.jpg 1980w\" sizes=\"auto, (max-width: 1024px) 100vw, 1024px\" \/><figcaption class=\"wp-element-caption\">Design av metallb\u00e5ge f\u00f6r sportglas\u00f6gon<\/figcaption><\/figure>\n\n\n\n<h3 class=\"wp-block-heading\">Celie Hjelm<\/h3>\n\n\n\n<p>Ett arbete som syftar till att komplettera BLIZ befintliga sortiment med en sportglas\u00f6gonmodell tillverkad i metall.<\/p>\n\n\n\n<div class=\"wp-block-group\"><div class=\"wp-block-group__inner-container is-layout-flow wp-block-group-is-layout-flow\">\n<div class=\"wp-block-button is-style-outline is-style-outline--2\"><a class=\"wp-block-button__link wp-element-button\" href=\"https:\/\/design.miun.se\/ID\/examen2020\/index.php\/2020\/05\/25\/celie\/\">Read More<\/a><\/div>\n<\/div><\/div>\n<\/div><\/div>\n\n\n\n<div class=\"wp-block-group\"><div class=\"wp-block-group__inner-container is-layout-flow wp-block-group-is-layout-flow\">\n<div class=\"wp-block-group alignfull\"><div class=\"wp-block-group__inner-container is-layout-flow wp-block-group-is-layout-flow\">\n<figure class=\"wp-block-image alignfull size-large\"><img loading=\"lazy\" decoding=\"async\" width=\"1024\" height=\"768\" src=\"https:\/\/design.miun.se\/ID\/examen2020\/wp-content\/uploads\/2020\/06\/Emil-proj-bild_ny-1024x768.jpg\" alt=\"\" class=\"wp-image-722\" srcset=\"https:\/\/design.miun.se\/ID\/examen2020\/wp-content\/uploads\/2020\/06\/Emil-proj-bild_ny-1024x768.jpg 1024w, https:\/\/design.miun.se\/ID\/examen2020\/wp-content\/uploads\/2020\/06\/Emil-proj-bild_ny-300x225.jpg 300w, https:\/\/design.miun.se\/ID\/examen2020\/wp-content\/uploads\/2020\/06\/Emil-proj-bild_ny-768x576.jpg 768w, https:\/\/design.miun.se\/ID\/examen2020\/wp-content\/uploads\/2020\/06\/Emil-proj-bild_ny.jpg 1160w\" sizes=\"auto, (max-width: 1024px) 100vw, 1024px\" \/><figcaption class=\"wp-element-caption\">Designl\u00f6sning f\u00f6r att \u00f6ka anv\u00e4ndning av huvudskydd bland elsparkcyklister<\/figcaption><\/figure>\n\n\n\n<h3 class=\"wp-block-heading\">Emil S\u00f6derlund<\/h3>\n\n\n\n<p>I detta projekt har en designl\u00f6sning tagits fram som visar hur man kan \u00f6ka anv\u00e4ndningen bland elsparkcyklister.<\/p>\n\n\n\n<div class=\"wp-block-button is-style-outline is-style-outline--3\"><a class=\"wp-block-button__link wp-element-button\" href=\"https:\/\/design.miun.se\/ID\/examen2020\/index.php\/2020\/05\/25\/emil\/\">Read More<\/a><\/div>\n\n\n\n<figure class=\"wp-block-image alignfull size-large\"><img loading=\"lazy\" decoding=\"async\" width=\"1024\" height=\"663\" src=\"https:\/\/design.miun.se\/ID\/examen2020\/wp-content\/uploads\/2020\/06\/Slutgiltliga-presentationen-Exjobb-202041-1-1024x663.png\" alt=\"\" class=\"wp-image-524\" srcset=\"https:\/\/design.miun.se\/ID\/examen2020\/wp-content\/uploads\/2020\/06\/Slutgiltliga-presentationen-Exjobb-202041-1-1024x663.png 1024w, https:\/\/design.miun.se\/ID\/examen2020\/wp-content\/uploads\/2020\/06\/Slutgiltliga-presentationen-Exjobb-202041-1-300x194.png 300w, https:\/\/design.miun.se\/ID\/examen2020\/wp-content\/uploads\/2020\/06\/Slutgiltliga-presentationen-Exjobb-202041-1-768x497.png 768w, https:\/\/design.miun.se\/ID\/examen2020\/wp-content\/uploads\/2020\/06\/Slutgiltliga-presentationen-Exjobb-202041-1-1536x994.png 1536w, https:\/\/design.miun.se\/ID\/examen2020\/wp-content\/uploads\/2020\/06\/Slutgiltliga-presentationen-Exjobb-202041-1-2048x1325.png 2048w, https:\/\/design.miun.se\/ID\/examen2020\/wp-content\/uploads\/2020\/06\/Slutgiltliga-presentationen-Exjobb-202041-1-1200x776.png 1200w, https:\/\/design.miun.se\/ID\/examen2020\/wp-content\/uploads\/2020\/06\/Slutgiltliga-presentationen-Exjobb-202041-1-1980x1281.png 1980w\" sizes=\"auto, (max-width: 1024px) 100vw, 1024px\" \/><figcaption class=\"wp-element-caption\"><em>Kollektion av inredningsprodukter inspirerad av H\u00f6ga kuste<\/em>n<\/figcaption><\/figure>\n\n\n\n<h3 class=\"wp-block-heading\">Elin Molander<\/h3>\n\n\n\n<p>N\u00e4r vi tillbringar mer och mer tid inomhus s\u00e5 var m\u00e5let med detta projekt att f\u00f6rs\u00f6ka ta in naturen inomhus och \u00e5terspegla H\u00f6ga Kusten i en inredningskollektion.<\/p>\n<\/div><\/div>\n\n\n\n<div class=\"wp-block-group\"><div class=\"wp-block-group__inner-container is-layout-flow wp-block-group-is-layout-flow\">\n<div class=\"wp-block-button is-style-outline is-style-outline--4\"><a class=\"wp-block-button__link wp-element-button\" href=\"https:\/\/design.miun.se\/ID\/examen2020\/index.php\/2020\/05\/25\/elin\/\">Read More<\/a><\/div>\n<\/div><\/div>\n\n\n\n<div class=\"wp-block-group alignfull\"><div class=\"wp-block-group__inner-container is-layout-flow wp-block-group-is-layout-flow\">\n<div class=\"wp-block-group alignfull\"><div class=\"wp-block-group__inner-container is-layout-flow wp-block-group-is-layout-flow\">\n<figure class=\"wp-block-image alignfull size-large\"><img loading=\"lazy\" decoding=\"async\" width=\"1024\" height=\"575\" src=\"https:\/\/design.miun.se\/ID\/examen2020\/wp-content\/uploads\/2020\/06\/Framsida-Fredrik-1024x575.jpg\" alt=\"\" class=\"wp-image-656\" srcset=\"https:\/\/design.miun.se\/ID\/examen2020\/wp-content\/uploads\/2020\/06\/Framsida-Fredrik-1024x575.jpg 1024w, https:\/\/design.miun.se\/ID\/examen2020\/wp-content\/uploads\/2020\/06\/Framsida-Fredrik-300x169.jpg 300w, https:\/\/design.miun.se\/ID\/examen2020\/wp-content\/uploads\/2020\/06\/Framsida-Fredrik-768x432.jpg 768w, https:\/\/design.miun.se\/ID\/examen2020\/wp-content\/uploads\/2020\/06\/Framsida-Fredrik-1536x863.jpg 1536w, https:\/\/design.miun.se\/ID\/examen2020\/wp-content\/uploads\/2020\/06\/Framsida-Fredrik-1200x674.jpg 1200w, https:\/\/design.miun.se\/ID\/examen2020\/wp-content\/uploads\/2020\/06\/Framsida-Fredrik.jpg 1920w\" sizes=\"auto, (max-width: 1024px) 100vw, 1024px\" \/><figcaption class=\"wp-element-caption\">Ett kompakt utrymme med stor potential<\/figcaption><\/figure>\n\n\n\n<h3 class=\"wp-block-heading\">Fredrik Fr\u00e4mberg<\/h3>\n\n\n\n<p>Designkoncept f\u00f6r duschkabin \u00e5t husvagnsf\u00f6retaget&nbsp;Polar&nbsp;&nbsp;<\/p>\n\n\n\n<div class=\"wp-block-group\"><div class=\"wp-block-group__inner-container is-layout-flow wp-block-group-is-layout-flow\">\n<div class=\"wp-block-button is-style-outline is-style-outline--5\"><a class=\"wp-block-button__link wp-element-button\" href=\"https:\/\/design.miun.se\/ID\/examen2020\/index.php\/2020\/05\/25\/fredrik\/\">Read More<\/a><\/div>\n<\/div><\/div>\n\n\n\n<div class=\"wp-block-group\"><div class=\"wp-block-group__inner-container is-layout-flow wp-block-group-is-layout-flow\"><\/div><\/div>\n<\/div><\/div>\n\n\n\n<div class=\"wp-block-group\"><div class=\"wp-block-group__inner-container is-layout-flow wp-block-group-is-layout-flow\"><\/div><\/div>\n\n\n\n<div class=\"wp-block-group alignfull\"><div class=\"wp-block-group__inner-container is-layout-flow wp-block-group-is-layout-flow\">\n<div class=\"wp-block-group alignfull\"><div class=\"wp-block-group__inner-container is-layout-flow wp-block-group-is-layout-flow\">\n<div class=\"wp-block-group alignfull\"><div class=\"wp-block-group__inner-container is-layout-flow wp-block-group-is-layout-flow\"><\/div><\/div>\n\n\n\n<div class=\"wp-block-group alignfull\"><div class=\"wp-block-group__inner-container is-layout-flow wp-block-group-is-layout-flow\">\n<div class=\"wp-block-group alignfull\"><div class=\"wp-block-group__inner-container is-layout-flow wp-block-group-is-layout-flow\">\n<div class=\"wp-block-group\"><div class=\"wp-block-group__inner-container is-layout-flow wp-block-group-is-layout-flow\"><\/div><\/div>\n<\/div><\/div>\n<\/div><\/div>\n<\/div><\/div>\n<\/div><\/div>\n<\/div><\/div>\n<\/div><\/div>\n<\/div>\n\n\n\n<div class=\"wp-block-column is-layout-flow wp-block-column-is-layout-flow\">\n<div class=\"wp-block-group\"><div class=\"wp-block-group__inner-container is-layout-flow wp-block-group-is-layout-flow\">\n<figure class=\"wp-block-image alignfull size-large\"><img loading=\"lazy\" decoding=\"async\" width=\"1024\" height=\"576\" src=\"https:\/\/design.miun.se\/ID\/examen2020\/wp-content\/uploads\/2020\/06\/Gustav-1024x576.jpg\" alt=\"\" class=\"wp-image-659\" srcset=\"https:\/\/design.miun.se\/ID\/examen2020\/wp-content\/uploads\/2020\/06\/Gustav-1024x576.jpg 1024w, https:\/\/design.miun.se\/ID\/examen2020\/wp-content\/uploads\/2020\/06\/Gustav-300x169.jpg 300w, https:\/\/design.miun.se\/ID\/examen2020\/wp-content\/uploads\/2020\/06\/Gustav-768x432.jpg 768w, https:\/\/design.miun.se\/ID\/examen2020\/wp-content\/uploads\/2020\/06\/Gustav-1536x864.jpg 1536w, https:\/\/design.miun.se\/ID\/examen2020\/wp-content\/uploads\/2020\/06\/Gustav-2048x1152.jpg 2048w, https:\/\/design.miun.se\/ID\/examen2020\/wp-content\/uploads\/2020\/06\/Gustav-1200x675.jpg 1200w, https:\/\/design.miun.se\/ID\/examen2020\/wp-content\/uploads\/2020\/06\/Gustav-1980x1114.jpg 1980w\" sizes=\"auto, (max-width: 1024px) 100vw, 1024px\" \/><figcaption class=\"wp-element-caption\">Lamp design av Gustav Svensson<\/figcaption><\/figure>\n\n\n\n<h3 class=\"wp-block-heading\">Gustav Svensson<\/h3>\n\n\n\n<p>Lampkollektion med inspiration av natur<\/p>\n\n\n\n<div class=\"wp-block-group alignfull\"><div class=\"wp-block-group__inner-container is-layout-flow wp-block-group-is-layout-flow\">\n<div class=\"wp-block-button is-style-outline is-style-outline--6\"><a class=\"wp-block-button__link wp-element-button\" href=\"https:\/\/design.miun.se\/ID\/examen2020\/index.php\/2020\/05\/25\/gustav\/\">Read More<\/a><\/div>\n<\/div><\/div>\n\n\n\n<figure class=\"wp-block-image alignfull size-large\"><img loading=\"lazy\" decoding=\"async\" width=\"1024\" height=\"764\" src=\"https:\/\/design.miun.se\/ID\/examen2020\/wp-content\/uploads\/2020\/06\/thoughts6.42-1024x764.jpg\" alt=\"\" class=\"wp-image-307\" srcset=\"https:\/\/design.miun.se\/ID\/examen2020\/wp-content\/uploads\/2020\/06\/thoughts6.42-1024x764.jpg 1024w, https:\/\/design.miun.se\/ID\/examen2020\/wp-content\/uploads\/2020\/06\/thoughts6.42-300x224.jpg 300w, https:\/\/design.miun.se\/ID\/examen2020\/wp-content\/uploads\/2020\/06\/thoughts6.42-768x573.jpg 768w, https:\/\/design.miun.se\/ID\/examen2020\/wp-content\/uploads\/2020\/06\/thoughts6.42.jpg 1200w\" sizes=\"auto, (max-width: 1024px) 100vw, 1024px\" \/><figcaption class=\"wp-element-caption\">Detaljbild fr\u00e5n ett playset som Anders Malmberg har designat<\/figcaption><\/figure>\n\n\n\n<h3 class=\"wp-block-heading\">Anders Malmberg<\/h3>\n\n\n\n<p>DIY Playset f\u00f6r barn 5-8 \u00e5r. Koncept gentemot Fuse London.<\/p>\n\n\n\n<div class=\"wp-block-button is-style-outline is-style-outline--7\"><a class=\"wp-block-button__link wp-element-button\" href=\"https:\/\/design.miun.se\/ID\/examen2020\/index.php\/2020\/05\/25\/anders\/\">Read More<\/a><\/div>\n<\/div><\/div>\n\n\n\n<div class=\"wp-block-group\"><div class=\"wp-block-group__inner-container is-layout-flow wp-block-group-is-layout-flow\">\n<div class=\"wp-block-group alignfull\"><div class=\"wp-block-group__inner-container is-layout-flow wp-block-group-is-layout-flow\">\n<div class=\"wp-block-group alignfull\"><div class=\"wp-block-group__inner-container is-layout-flow wp-block-group-is-layout-flow\">\n<figure class=\"wp-block-image alignfull size-large\"><img decoding=\"async\" src=\"https:\/\/design.miun.se\/ID\/examen2020\/wp-content\/uploads\/2020\/06\/front-page-bild-hatthylla-jonathan-k&auml;&auml;ri&auml;-1024x576.jpg\" alt=\"\" class=\"wp-image-712\"\/><figcaption class=\"wp-element-caption\">Ny komplettering till Essem Designs utbud p\u00e5 hatthyllor<\/figcaption><\/figure>\n\n\n\n<h3 class=\"wp-block-heading\">Jonathan K\u00e4\u00e4ri\u00e4<\/h3>\n\n\n\n<p>I detta projekt har ett koncept tagits fram f\u00f6r att erbjuda en komplettering till Essem Designs utbud p\u00e5 hatthyllor.&nbsp;<\/p>\n\n\n\n<div class=\"wp-block-button is-style-outline is-style-outline--8\"><a class=\"wp-block-button__link wp-element-button\" href=\"https:\/\/design.miun.se\/ID\/examen2020\/index.php\/2020\/05\/25\/jonathan\/\">Read More<\/a><\/div>\n<\/div><\/div>\n\n\n\n<div class=\"wp-block-group alignfull\"><div class=\"wp-block-group__inner-container is-layout-flow wp-block-group-is-layout-flow\">\n<div class=\"wp-block-group alignfull\"><div class=\"wp-block-group__inner-container is-layout-flow wp-block-group-is-layout-flow\"><\/div><\/div>\n\n\n\n<div class=\"wp-block-group alignfull\"><div class=\"wp-block-group__inner-container is-layout-flow wp-block-group-is-layout-flow\">\n<div class=\"wp-block-group alignfull\"><div class=\"wp-block-group__inner-container is-layout-flow wp-block-group-is-layout-flow\">\n<figure class=\"wp-block-image alignfull size-large\"><img loading=\"lazy\" decoding=\"async\" width=\"1024\" height=\"697\" src=\"https:\/\/design.miun.se\/ID\/examen2020\/wp-content\/uploads\/2020\/06\/P1010215-2-1024x697.jpg\" alt=\"\" class=\"wp-image-762\" srcset=\"https:\/\/design.miun.se\/ID\/examen2020\/wp-content\/uploads\/2020\/06\/P1010215-2-1024x697.jpg 1024w, https:\/\/design.miun.se\/ID\/examen2020\/wp-content\/uploads\/2020\/06\/P1010215-2-300x204.jpg 300w, https:\/\/design.miun.se\/ID\/examen2020\/wp-content\/uploads\/2020\/06\/P1010215-2-768x523.jpg 768w, https:\/\/design.miun.se\/ID\/examen2020\/wp-content\/uploads\/2020\/06\/P1010215-2-1536x1046.jpg 1536w, https:\/\/design.miun.se\/ID\/examen2020\/wp-content\/uploads\/2020\/06\/P1010215-2-2048x1395.jpg 2048w, https:\/\/design.miun.se\/ID\/examen2020\/wp-content\/uploads\/2020\/06\/P1010215-2-1200x817.jpg 1200w, https:\/\/design.miun.se\/ID\/examen2020\/wp-content\/uploads\/2020\/06\/P1010215-2-1980x1348.jpg 1980w\" sizes=\"auto, (max-width: 1024px) 100vw, 1024px\" \/><figcaption class=\"wp-element-caption\">Designkoncept f\u00f6r framtidens enmans friluftsk\u00f6k<\/figcaption><\/figure>\n\n\n\n<h3 class=\"wp-block-heading\">Daniel Forsberg<\/h3>\n\n\n\n<p>Hur ser framtidens friluftsk\u00f6k f\u00f6r enmansbruk ut? Hur g\u00f6r vi mer med mindre och kan det ge en b\u00e4ttre anv\u00e4ndarupplevelse. <\/p>\n\n\n\n<div class=\"wp-block-group\"><div class=\"wp-block-group__inner-container is-layout-flow wp-block-group-is-layout-flow\">\n<div class=\"wp-block-button is-style-outline is-style-outline--9\"><a class=\"wp-block-button__link wp-element-button\" href=\"https:\/\/design.miun.se\/ID\/examen2020\/index.php\/2020\/05\/25\/daniel\/\">Read More<\/a><\/div>\n<\/div><\/div>\n\n\n\n<div class=\"wp-block-group\"><div class=\"wp-block-group__inner-container is-layout-flow wp-block-group-is-layout-flow\"><\/div><\/div>\n<\/div><\/div>\n\n\n\n<figure class=\"wp-block-image alignfull size-large\"><img decoding=\"async\" src=\"https:\/\/design.miun.se\/ID\/examen2020\/wp-content\/uploads\/2020\/06\/hejp&aring;dig-1-1024x576.jpg\" alt=\"\" class=\"wp-image-732\"\/><figcaption class=\"wp-element-caption\">Detaljbild p\u00e5 \u00f6rh\u00e4ngen som Amanda Jonsson har designat.<\/figcaption><\/figure>\n\n\n\n<h3 class=\"wp-block-heading\">Amanda Jonsson<\/h3>\n\n\n\n<p>Utveckling av designkoncept f\u00f6r att f\u00f6renkla anv\u00e4ndning av \u00f6rh\u00e4ngen.<\/p>\n\n\n\n<div class=\"wp-block-group\"><div class=\"wp-block-group__inner-container is-layout-flow wp-block-group-is-layout-flow\">\n<div class=\"wp-block-button is-style-outline is-style-outline--10\"><a class=\"wp-block-button__link wp-element-button\" href=\"https:\/\/design.miun.se\/ID\/examen2020\/index.php\/2020\/05\/19\/hello-world\/\">Read More<\/a><\/div>\n<\/div><\/div>\n\n\n\n<div class=\"wp-block-group alignfull\"><div class=\"wp-block-group__inner-container is-layout-flow wp-block-group-is-layout-flow\">\n<div class=\"wp-block-group\"><div class=\"wp-block-group__inner-container is-layout-flow wp-block-group-is-layout-flow\"><\/div><\/div>\n<\/div><\/div>\n\n\n\n<div class=\"wp-block-group alignfull\"><div class=\"wp-block-group__inner-container is-layout-flow wp-block-group-is-layout-flow\"><\/div><\/div>\n<\/div><\/div>\n<\/div><\/div>\n<\/div><\/div>\n<\/div><\/div>\n<\/div>\n<\/div>\n<\/div>\n<\/div>\n<\/div>\n<\/div>\n\n\n\n<div class=\"wp-block-group alignwide\"><div class=\"wp-block-group__inner-container is-layout-flow wp-block-group-is-layout-flow\"><\/div><\/div>\n\n\n\n<p><\/p>\n\n\n\n<div class=\"wp-block-group alignwide has-background\" style=\"background-color:#ffffff\"><div class=\"wp-block-group__inner-container is-layout-flow wp-block-group-is-layout-flow\">\n<div class=\"wp-block-group\"><div class=\"wp-block-group__inner-container is-layout-flow wp-block-group-is-layout-flow\">\n<p class=\"has-text-align-center\">Plugga industridesign? Klicka h\u00e4r f\u00f6r mer information om programet.<\/p>\n\n\n\n<div class=\"wp-block-button aligncenter\"><a class=\"wp-block-button__link wp-element-button\" href=\"https:\/\/www.miun.se\/utbildning\/program\/medier-och-design\/industridesign\/om-programmet\/\">Join the Club<\/a><\/div>\n<\/div><\/div>\n<\/div><\/div>\n","protected":false},"excerpt":{"rendered":"<p>Digital utst\u00e4llning av \u00e5rets examensarbete 2020 Celie Hjelm Ett arbete som syftar till att komplettera BLIZ befintliga sortiment med en sportglas\u00f6gonmodell tillverkad i metall. Emil S\u00f6derlund I detta projekt har en designl\u00f6sning tagits fram som visar hur man kan \u00f6ka anv\u00e4ndningen bland elsparkcyklister. Elin Molander N\u00e4r vi tillbringar mer och&hellip; <\/p>\n","protected":false},"author":2,"featured_media":0,"parent":0,"menu_order":0,"comment_status":"closed","ping_status":"closed","template":"","meta":{"footnotes":""},"class_list":["post-7","page","type-page","status-publish","hentry"],"_links":{"self":[{"href":"https:\/\/design.miun.se\/ID\/examen2020\/index.php\/wp-json\/wp\/v2\/pages\/7","targetHints":{"allow":["GET"]}}],"collection":[{"href":"https:\/\/design.miun.se\/ID\/examen2020\/index.php\/wp-json\/wp\/v2\/pages"}],"about":[{"href":"https:\/\/design.miun.se\/ID\/examen2020\/index.php\/wp-json\/wp\/v2\/types\/page"}],"author":[{"embeddable":true,"href":"https:\/\/design.miun.se\/ID\/examen2020\/index.php\/wp-json\/wp\/v2\/users\/2"}],"replies":[{"embeddable":true,"href":"https:\/\/design.miun.se\/ID\/examen2020\/index.php\/wp-json\/wp\/v2\/comments?post=7"}],"version-history":[{"count":63,"href":"https:\/\/design.miun.se\/ID\/examen2020\/index.php\/wp-json\/wp\/v2\/pages\/7\/revisions"}],"predecessor-version":[{"id":991,"href":"https:\/\/design.miun.se\/ID\/examen2020\/index.php\/wp-json\/wp\/v2\/pages\/7\/revisions\/991"}],"wp:attachment":[{"href":"https:\/\/design.miun.se\/ID\/examen2020\/index.php\/wp-json\/wp\/v2\/media?parent=7"}],"curies":[{"name":"wp","href":"https:\/\/api.w.org\/{rel}","templated":true}]}}